{"id":179,"date":"2016-07-14T01:48:14","date_gmt":"2016-07-13T23:48:14","guid":{"rendered":"https:\/\/iocare.de\/?page_id=179"},"modified":"2018-04-15T12:36:04","modified_gmt":"2018-04-15T10:36:04","slug":"fragen","status":"publish","type":"page","link":"https:\/\/iocare.de\/de\/fragen\/","title":{"rendered":"Fragen"},"content":{"rendered":"<div class=\"wpb-content-wrapper\"><p>[vc_row dfd_row_responsive_enable=&#8220;dfd-row-responsive-enable&#8220; row_responsive_mobile_classes=&#8220;dfd-remove-left-margin,dfd-remove-right-margin&#8220; row_responsive_mobile_resolutions=&#8220;dfd-apply-desktop,dfd-apply-laptop&#8220; css=&#8220;.vc_custom_1468611646499{background-color: #fafafa !important;}&#8220;][vc_column]<div class=\"dfd-heading-shortcode\"><div class=\"dfd-heading-module-wrap  text-center style_06 dfd-heading-69d8f08d6db4f dfd-disable-resposive-headings\" id=\"dfd-heading-69d8f08d6db4f\" ><div class=\"inline-block\"><div class=\"dfd-heading-module\"><h3 class=\"widget-sub-title dfd-sub-title \" style=\"font-family:Open Sans; font-weight:400; font-style:normal; font-size: 28px; color: #000000 !important; line-height: 40px; \">Fragen und Antworten<\/h3><div class=\"dfd-heading-delimiter dfd-img-lazy-load\"><\/div><div class=\"widget-title dfd-title block-title\" style=\"font-family:Open Sans; font-weight:300; font-style:normal; font-size: 18px; color: #000000 !important; line-height: 28px; \">Sie haben Fragen? Wir beraten Sie gerne pers\u00f6nlich. Die Antworten auf einige h\u00e4ufige Fragen haben wir hier f\u00fcr Sie zusammengestellt. \u2013 Sie werden sehen wie einfach RICA Ihr Leben bereichert, denn darauf haben wir bei der Entwicklung gr\u00f6\u00dften Wert gelegt.<\/div><\/div><\/div><\/div><script type=\"text\/javascript\">\r\n\t\t\t\t\t\t\t\t\t(function($) {\r\n\t\t\t\t\t\t\t\t\t\t$(\"head\").append(\"<style>.dfd-heading-69d8f08d6db4f.dfd-heading-module-wrap .dfd-heading-module .dfd-heading-delimiter {border-bottom-style:solid;border-bottom-width:1px;width:100px;border-bottom-color:#dddddd;}.dfd-heading-69d8f08d6db4f .dfd-heading-module .widget-sub-title {margin-top:20px;}.dfd-heading-69d8f08d6db4f.dfd-heading-module-wrap .dfd-heading-module .dfd-heading-delimiter {margin-top:10px;margin-bottom:10px;}<\/style>\");\r\n\t\t\t\t\t\t\t\t\t})(jQuery);\r\n\t\t\t\t\t\t\t\t<\/script><\/div><div class=\"dfd-spacer-module\"  data-units=\"px\" data-wide_resolution=\"1280\" data-wide_size=\"35\" data-normal_resolution=\"1024\" data-normal_size=\"35\" data-tablet_resolution=\"800\" data-tablet_size=\"35\" data-mobile_resolution=\"480\" data-mobile_size=\"35\" style=\"height: 35px;\"><\/div>[dfd_accordion active_section=&#8220;1&#8243; border_radius=&#8220;0&#8243; tab_background=&#8220;#ffffff&#8220; tab_hover_background=&#8220;#d6d6d6&#8243; active_tab_background=&#8220;#ffffff&#8220; border_color_radius=&#8220;#d6d6d6&#8243; border_color_active=&#8220;#d6d6d6&#8243; color_content_area=&#8220;#ffffff&#8220; font_size=&#8220;18&#8243; tab_text_color=&#8220;#000000&#8243; tab_hover_text_color=&#8220;#000000&#8243; tab_active_color_text=&#8220;#000000&#8243; icon_size=&#8220;14&#8243;][vc_tta_section title=&#8220;Muss ich etwas bedienen?&#8220; tab_id=&#8220;1514918262664-b6f603e8-69c3&#8243;][vc_column_text]Einmal am Strom angeschlossen und installiert funktionieren die Ger\u00e4te selbstt\u00e4tig: Es m\u00fcssen weder Kn\u00f6pfe noch Ein- oder Ausschalter gedr\u00fcckt werden.[\/vc_column_text][\/vc_tta_section][vc_tta_section title=&#8220;Kann ich bei der Bedienung etwas falsch machen?&#8220; tab_id=&#8220;1514918262744-78e9aa87-cb54&#8243;][vc_column_text]Da Sie die Ger\u00e4te nicht manuell bedienen m\u00fcssen, ist eine Fehlbedienung ausgeschlossen.[\/vc_column_text][\/vc_tta_section][vc_tta_section title=&#8220;Ben\u00f6tige ich einen Internetanschluss?&#8220; tab_id=&#8220;1514918262825-c74e0414-1df8&#8243;][vc_row_inner][vc_column_inner width=&#8220;1\/2&#8243;][vc_column_text]Wenn ein Internetanschluss vorhanden ist, kann der Anschluss \u00fcber WLAN oder Ethernet erfolgen oder auf Wunsch \u00fcber ein integriertes Mobilfunkmodul.[\/vc_column_text][\/vc_column_inner][vc_column_inner width=&#8220;1\/2&#8243;][vc_column_text]Ein Internetanschluss wird bei Ihrem Angeh\u00f6rigen ben\u00f6tigt.[\/vc_column_text][\/vc_column_inner][\/vc_row_inner][\/vc_tta_section][vc_tta_section title=&#8220;Kann ich meinen vorhandenen Internetanschluss nutzen?&#8220; tab_id=&#8220;1514918263070-d1b83830-45ec&#8220;][vc_column_text]Ja. Wenn ein Internetanschluss vorhanden ist, kann der Anschluss \u00fcber WLAN oder Ethernet erfolgen.[\/vc_column_text][\/vc_tta_section][vc_tta_section title=&#8220;K\u00f6nnte ich mich \u00fcberwacht f\u00fchlen?&#8220; tab_id=&#8220;1514918263160-b2ff3202-e230&#8243;][vc_column_text]Diesem sensiblen Thema haben wir besondere Aufmerksamkeit geschenkt:<\/p>\n<ul>\n<li>Es werden weder Ton noch Videoaufnahmen gemacht.<\/li>\n<li>Ein Informationsaustausch findet nur zwischen vertrauten Personen statt (kein unbekannter Dritter).<\/li>\n<li>Die Information \u00fcber die Bewegungsaktivit\u00e4t wird auf ein Minimum (die Farbinformationen Gr\u00fcn, Gelb, Rot) reduziert. \u2013 Auch die Angeh\u00f6rigen k\u00f6nnen nicht erkennen, wer was, wann und wo macht.<\/li>\n<\/ul>\n<p>[\/vc_column_text][\/vc_tta_section][vc_tta_section title=&#8220;Muss ich ein Ger\u00e4t am K\u00f6rper tragen?&#8220; tab_id=&#8220;1514918263240-7b1285f5-6908&#8243;][vc_column_text]Wir haben bei der Entwicklung Wert auf gr\u00f6\u00dftm\u00f6glichen Komfort gelegt. So wird das Ger\u00e4t nicht am K\u00f6rper getragen, sondern steht an einem unauff\u00e4lligen Platz. Ihre Bewegungsfreiheit wird nicht beeintr\u00e4chtigt.[\/vc_column_text][\/vc_tta_section][vc_tta_section title=&#8220;Brauche ich ein Smartphone oder einen Computer?&#8220; tab_id=&#8220;1514918263328-a10d5def-66d3&#8243;][vc_column_text]Der Versand der Lichtbotschaften sowie deren Empfang erfolgen \u00fcber die die beiden Serviceteile, so dass Sie weder Computer noch Smartphone ben\u00f6tigen.[\/vc_column_text][\/vc_tta_section][vc_tta_section title=&#8220;Werden die Daten\/Informationen, die zwischen den Ger\u00e4ten ausgetauscht werden, gespeichert?&#8220; tab_id=&#8220;1514918263398-c5adbfd7-0f7b&#8220;][vc_column_text]Die Daten\/Informationen werden ausschlie\u00dflich zwischen den beiden Serviceteilen, also den beiden beteiligten Parteien, ausgetauscht. Die Daten verbleiben beim Nutzer. Sie sind Dritten nicht zug\u00e4nglich werden auch nicht bei fremden Dritten gespeichert.[\/vc_column_text][\/vc_tta_section][vc_tta_section title=&#8220;Wie werden die Daten \u00fcbertragen?&#8220; tab_id=&#8220;1514918263482-57a016a5-b6b1&#8243;][vc_column_text]Die Lichtbotschaft wird \u00fcber das Internet \u00fcbertragen. Hierbei wird lediglich die Information \u201cGr\u00fcn\u201d, \u201cGelb\u201d oder \u201cRot\u201d gesendet.[\/vc_column_text][\/vc_tta_section][vc_tta_section title=&#8220;Wie sicher sind diese Informationen?\/Datenspeicherung&#8220; tab_id=&#8220;1514918263556-b133d3c0-0f2f&#8220;][vc_column_text]Die Lichtbotschaften werden anonym \u00fcbertragen und nur zwischen den beiden Servicekomponenten ausgetauscht. Eine Speicherung der Daten erfolgt beim Sender (Bewegungssensor RICA). Die Daten bleiben bei Ihnen im Ger\u00e4t, wo sie erhoben werden, die Anzeigeeinheit speichert nichts und es gibt auch an dritter Stelle keine Datenspeicherung.[\/vc_column_text][\/vc_tta_section][vc_tta_section title=&#8220;Ist RICA das richtige System f\u00fcr mich?&#8220; tab_id=&#8220;1514918263638-e26903d9-519d&#8220;][vc_column_text]Je nachdem wie hoch Ihr Bed\u00fcrfnis nach Selbstbestimmung und Sicherheit ist gibt es unterschiedliche Systeme. Mit RICA bleibt Ihnen ein hohes Ma\u00df an Selbstbestimmung erhalten.[\/vc_column_text][\/vc_tta_section][vc_tta_section title=&#8220;Wie funktioniert die Installation?&#8220; tab_id=&#8220;1514918263721-c2a14137-dad2&#8243;][vc_column_text]Sender und Empf\u00e4nger werden voreingestellt geliefert.<br \/>\nNutzen Sie das Mobilfunkmodell, stellen Sie RICA einfach bei sich zuhause auf. (Mobilfunkempfang vorausgesetzt.)<\/p>\n<p>Nutzen Sie die Ethernet-Variante, schlie\u00dfen Sie die Ger\u00e4te einfach an den Strom an. Bei der WLAN-Option ist ein einmaliges Einloggen in Ihr Heimnetzwerk notwendig. Dies kann \u00fcber Smartphone, Tablet oder Computer erfolgen. Die Installation durch einen Techniker ist nicht notwendig.[\/vc_column_text][\/vc_tta_section][vc_tta_section title=&#8220;Kann ich mehr als eine Leuchte nutzen um die Lichtbotschaft empfangen?&#8220; tab_id=&#8220;1514918263798-7f03e687-e369&#8243;][vc_column_text]Ja das ist m\u00f6glich. Bitte kontaktieren Sie uns f\u00fcr weitere Informationen zu den Kosten f\u00fcr weitere zus\u00e4tzliche Leuchten.[\/vc_column_text][\/vc_tta_section][vc_tta_section title=&#8220;Wie bekomme ich die Lichtbotschaft, wenn ich unterwegs bin\/nicht zuhause bin?&#8220; tab_id=&#8220;1514918263877-ad92924b-9521&#8243;][vc_column_text]Damit Sie auch unterwegs wissen, ob bei Ihrem Verwandten alles in Ordnung ist, entwickeln wir aktuell eine Web-App f\u00fcr Smartphones.[\/vc_column_text][\/vc_tta_section][vc_tta_section title=&#8220;Wo bekomme ich RICA?&#8220; tab_id=&#8220;1514918264008-881a0c55-16dd&#8220;][vc_column_text]Bitte wenden Sie sich teletonisch oder per E-Mail an uns, um RICA zu bestellen:\u00a00711 31 53 44 75 info@iocare.de[\/vc_column_text][\/vc_tta_section][vc_tta_section title=&#8220;Was kostet RICA?&#8220; tab_id=&#8220;1514918264132-a0290c3a-0b5f&#8220;][vc_column_text]<strong><a href=\"https:\/\/iocare.de\/#contact\" target=\"_blank\" rel=\"noopener\">Hier<\/a><\/strong> finden Sie alle Informationen.[\/vc_column_text][\/vc_tta_section][\/dfd_accordion]<div class=\"dfd-spacer-module\"  data-units=\"px\" data-wide_resolution=\"1280\" data-wide_size=\"0\" data-normal_resolution=\"1024\" data-normal_size=\"0\" data-tablet_resolution=\"800\" data-tablet_size=\"40\" data-mobile_resolution=\"480\" data-mobile_size=\"40\" style=\"height: 0px;\"><\/div>[\/vc_column][\/vc_row]<\/p>\n<\/div>","protected":false},"excerpt":{"rendered":"<p>[vc_row dfd_row_responsive_enable=&#8220;dfd-row-responsive-enable&#8220; row_responsive_mobile_classes=&#8220;dfd-remove-left-margin,dfd-remove-right-margin&#8220; row_responsive_mobile_resolutions=&#8220;dfd-apply-desktop,dfd-apply-laptop&#8220; css=&#8220;.vc_custom_1468611646499{background-color: #fafafa !important;}&#8220;][vc_column][dfd_accordion active_section=&#8220;1&#8243; border_radius=&#8220;0&#8243; tab_background=&#8220;#ffffff&#8220; tab_hover_background=&#8220;#d6d6d6&#8243; active_tab_background=&#8220;#ffffff&#8220; border_color_radius=&#8220;#d6d6d6&#8243; border_color_active=&#8220;#d6d6d6&#8243; color_content_area=&#8220;#ffffff&#8220; font_size=&#8220;18&#8243; tab_text_color=&#8220;#000000&#8243; tab_hover_text_color=&#8220;#000000&#8243; tab_active_color_text=&#8220;#000000&#8243; icon_size=&#8220;14&#8243;][vc_tta_section title=&#8220;Muss ich etwas bedienen?&#8220; tab_id=&#8220;1514918262664-b6f603e8-69c3&#8243;][vc_column_text]Einmal am Strom angeschlossen und installiert<\/p>\n","protected":false},"author":1,"featured_media":0,"parent":0,"menu_order":0,"comment_status":"closed","ping_status":"closed","template":"page-custom-with-header.php","meta":{"_acf_changed":false,"footnotes":""},"class_list":["post-179","page","type-page","status-publish","hentry"],"acf":[],"yoast_head":"<!-- This site is optimized with the Yoast SEO plugin v27.3 - https:\/\/yoast.com\/product\/yoast-seo-wordpress\/ -->\n<title>Fragen - Iocare - Rica<\/title>\n<meta name=\"robots\" content=\"index, follow, max-snippet:-1, max-image-preview:large, max-video-preview:-1\" \/>\n<link rel=\"canonical\" href=\"https:\/\/iocare.de\/de\/fragen\/\" \/>\n<meta property=\"og:locale\" content=\"de_DE\" \/>\n<meta property=\"og:type\" content=\"article\" \/>\n<meta property=\"og:title\" content=\"Fragen - Iocare - Rica\" \/>\n<meta property=\"og:description\" content=\"[vc_row dfd_row_responsive_enable=&#8220;dfd-row-responsive-enable&#8220; row_responsive_mobile_classes=&#8220;dfd-remove-left-margin,dfd-remove-right-margin&#8220; row_responsive_mobile_resolutions=&#8220;dfd-apply-desktop,dfd-apply-laptop&#8220; css=&#8220;.vc_custom_1468611646499{background-color: #fafafa !important;}&#8220;][vc_column][dfd_accordion active_section=&#8220;1&#8243; border_radius=&#8220;0&#8243; tab_background=&#8220;#ffffff&#8220; tab_hover_background=&#8220;#d6d6d6&#8243; active_tab_background=&#8220;#ffffff&#8220; border_color_radius=&#8220;#d6d6d6&#8243; border_color_active=&#8220;#d6d6d6&#8243; color_content_area=&#8220;#ffffff&#8220; font_size=&#8220;18&#8243; tab_text_color=&#8220;#000000&#8243; tab_hover_text_color=&#8220;#000000&#8243; tab_active_color_text=&#8220;#000000&#8243; icon_size=&#8220;14&#8243;][vc_tta_section title=&#8220;Muss ich etwas bedienen?&#8220; tab_id=&#8220;1514918262664-b6f603e8-69c3&#8243;][vc_column_text]Einmal am Strom angeschlossen und installiert\" \/>\n<meta property=\"og:url\" content=\"https:\/\/iocare.de\/fragen\/\" \/>\n<meta property=\"og:site_name\" content=\"Iocare - Rica\" \/>\n<meta property=\"article:modified_time\" content=\"2018-04-15T10:36:04+00:00\" \/>\n<meta name=\"twitter:card\" content=\"summary_large_image\" \/>\n<meta name=\"twitter:label1\" content=\"Gesch\u00e4tzte Lesezeit\" \/>\n\t<meta name=\"twitter:data1\" content=\"15\u00a0Minuten\" \/>\n<script type=\"application\/ld+json\" class=\"yoast-schema-graph\">{\"@context\":\"https:\\\/\\\/schema.org\",\"@graph\":[{\"@type\":\"WebPage\",\"@id\":\"https:\\\/\\\/iocare.de\\\/fragen\\\/\",\"url\":\"https:\\\/\\\/iocare.de\\\/fragen\\\/\",\"name\":\"Fragen - Iocare - Rica\",\"isPartOf\":{\"@id\":\"https:\\\/\\\/iocare.de\\\/de\\\/#website\"},\"datePublished\":\"2016-07-13T23:48:14+00:00\",\"dateModified\":\"2018-04-15T10:36:04+00:00\",\"breadcrumb\":{\"@id\":\"https:\\\/\\\/iocare.de\\\/fragen\\\/#breadcrumb\"},\"inLanguage\":\"de\",\"potentialAction\":[{\"@type\":\"ReadAction\",\"target\":[\"https:\\\/\\\/iocare.de\\\/fragen\\\/\"]}]},{\"@type\":\"BreadcrumbList\",\"@id\":\"https:\\\/\\\/iocare.de\\\/fragen\\\/#breadcrumb\",\"itemListElement\":[{\"@type\":\"ListItem\",\"position\":1,\"name\":\"Home\",\"item\":\"https:\\\/\\\/iocare.de\\\/\"},{\"@type\":\"ListItem\",\"position\":2,\"name\":\"Fragen\"}]},{\"@type\":\"WebSite\",\"@id\":\"https:\\\/\\\/iocare.de\\\/de\\\/#website\",\"url\":\"https:\\\/\\\/iocare.de\\\/de\\\/\",\"name\":\"Iocare - Rica\",\"description\":\"Selbstbestimmt Zuhause leben\",\"publisher\":{\"@id\":\"https:\\\/\\\/iocare.de\\\/de\\\/#organization\"},\"potentialAction\":[{\"@type\":\"SearchAction\",\"target\":{\"@type\":\"EntryPoint\",\"urlTemplate\":\"https:\\\/\\\/iocare.de\\\/de\\\/?s={search_term_string}\"},\"query-input\":{\"@type\":\"PropertyValueSpecification\",\"valueRequired\":true,\"valueName\":\"search_term_string\"}}],\"inLanguage\":\"de\"},{\"@type\":\"Organization\",\"@id\":\"https:\\\/\\\/iocare.de\\\/de\\\/#organization\",\"name\":\"IoCare GmbH\",\"url\":\"https:\\\/\\\/iocare.de\\\/de\\\/\",\"logo\":{\"@type\":\"ImageObject\",\"inLanguage\":\"de\",\"@id\":\"https:\\\/\\\/iocare.de\\\/de\\\/#\\\/schema\\\/logo\\\/image\\\/\",\"url\":\"https:\\\/\\\/iocare.de\\\/wp-content\\\/uploads\\\/2016\\\/07\\\/favicon.png\",\"contentUrl\":\"https:\\\/\\\/iocare.de\\\/wp-content\\\/uploads\\\/2016\\\/07\\\/favicon.png\",\"width\":16,\"height\":16,\"caption\":\"IoCare GmbH\"},\"image\":{\"@id\":\"https:\\\/\\\/iocare.de\\\/de\\\/#\\\/schema\\\/logo\\\/image\\\/\"},\"sameAs\":[\"https:\\\/\\\/www.linkedin.com\\\/in\\\/matthias-riedel-aa30343a\\\/\"]}]}<\/script>\n<!-- \/ Yoast SEO plugin. -->","yoast_head_json":{"title":"Fragen - Iocare - Rica","robots":{"index":"index","follow":"follow","max-snippet":"max-snippet:-1","max-image-preview":"max-image-preview:large","max-video-preview":"max-video-preview:-1"},"canonical":"https:\/\/iocare.de\/de\/fragen\/","og_locale":"de_DE","og_type":"article","og_title":"Fragen - Iocare - Rica","og_description":"[vc_row dfd_row_responsive_enable=&#8220;dfd-row-responsive-enable&#8220; row_responsive_mobile_classes=&#8220;dfd-remove-left-margin,dfd-remove-right-margin&#8220; row_responsive_mobile_resolutions=&#8220;dfd-apply-desktop,dfd-apply-laptop&#8220; css=&#8220;.vc_custom_1468611646499{background-color: #fafafa !important;}&#8220;][vc_column][dfd_accordion active_section=&#8220;1&#8243; border_radius=&#8220;0&#8243; tab_background=&#8220;#ffffff&#8220; tab_hover_background=&#8220;#d6d6d6&#8243; active_tab_background=&#8220;#ffffff&#8220; border_color_radius=&#8220;#d6d6d6&#8243; border_color_active=&#8220;#d6d6d6&#8243; color_content_area=&#8220;#ffffff&#8220; font_size=&#8220;18&#8243; tab_text_color=&#8220;#000000&#8243; tab_hover_text_color=&#8220;#000000&#8243; tab_active_color_text=&#8220;#000000&#8243; icon_size=&#8220;14&#8243;][vc_tta_section title=&#8220;Muss ich etwas bedienen?&#8220; tab_id=&#8220;1514918262664-b6f603e8-69c3&#8243;][vc_column_text]Einmal am Strom angeschlossen und installiert","og_url":"https:\/\/iocare.de\/fragen\/","og_site_name":"Iocare - Rica","article_modified_time":"2018-04-15T10:36:04+00:00","twitter_card":"summary_large_image","twitter_misc":{"Gesch\u00e4tzte Lesezeit":"15\u00a0Minuten"},"schema":{"@context":"https:\/\/schema.org","@graph":[{"@type":"WebPage","@id":"https:\/\/iocare.de\/fragen\/","url":"https:\/\/iocare.de\/fragen\/","name":"Fragen - Iocare - Rica","isPartOf":{"@id":"https:\/\/iocare.de\/de\/#website"},"datePublished":"2016-07-13T23:48:14+00:00","dateModified":"2018-04-15T10:36:04+00:00","breadcrumb":{"@id":"https:\/\/iocare.de\/fragen\/#breadcrumb"},"inLanguage":"de","potentialAction":[{"@type":"ReadAction","target":["https:\/\/iocare.de\/fragen\/"]}]},{"@type":"BreadcrumbList","@id":"https:\/\/iocare.de\/fragen\/#breadcrumb","itemListElement":[{"@type":"ListItem","position":1,"name":"Home","item":"https:\/\/iocare.de\/"},{"@type":"ListItem","position":2,"name":"Fragen"}]},{"@type":"WebSite","@id":"https:\/\/iocare.de\/de\/#website","url":"https:\/\/iocare.de\/de\/","name":"Iocare - Rica","description":"Selbstbestimmt Zuhause leben","publisher":{"@id":"https:\/\/iocare.de\/de\/#organization"},"potentialAction":[{"@type":"SearchAction","target":{"@type":"EntryPoint","urlTemplate":"https:\/\/iocare.de\/de\/?s={search_term_string}"},"query-input":{"@type":"PropertyValueSpecification","valueRequired":true,"valueName":"search_term_string"}}],"inLanguage":"de"},{"@type":"Organization","@id":"https:\/\/iocare.de\/de\/#organization","name":"IoCare GmbH","url":"https:\/\/iocare.de\/de\/","logo":{"@type":"ImageObject","inLanguage":"de","@id":"https:\/\/iocare.de\/de\/#\/schema\/logo\/image\/","url":"https:\/\/iocare.de\/wp-content\/uploads\/2016\/07\/favicon.png","contentUrl":"https:\/\/iocare.de\/wp-content\/uploads\/2016\/07\/favicon.png","width":16,"height":16,"caption":"IoCare GmbH"},"image":{"@id":"https:\/\/iocare.de\/de\/#\/schema\/logo\/image\/"},"sameAs":["https:\/\/www.linkedin.com\/in\/matthias-riedel-aa30343a\/"]}]}},"_links":{"self":[{"href":"https:\/\/iocare.de\/de\/wp-json\/wp\/v2\/pages\/179","targetHints":{"allow":["GET"]}}],"collection":[{"href":"https:\/\/iocare.de\/de\/wp-json\/wp\/v2\/pages"}],"about":[{"href":"https:\/\/iocare.de\/de\/wp-json\/wp\/v2\/types\/page"}],"author":[{"embeddable":true,"href":"https:\/\/iocare.de\/de\/wp-json\/wp\/v2\/users\/1"}],"replies":[{"embeddable":true,"href":"https:\/\/iocare.de\/de\/wp-json\/wp\/v2\/comments?post=179"}],"version-history":[{"count":10,"href":"https:\/\/iocare.de\/de\/wp-json\/wp\/v2\/pages\/179\/revisions"}],"predecessor-version":[{"id":410,"href":"https:\/\/iocare.de\/de\/wp-json\/wp\/v2\/pages\/179\/revisions\/410"}],"wp:attachment":[{"href":"https:\/\/iocare.de\/de\/wp-json\/wp\/v2\/media?parent=179"}],"curies":[{"name":"wp","href":"https:\/\/api.w.org\/{rel}","templated":true}]}}